{"id":67,"date":"2016-11-26T11:06:58","date_gmt":"2016-11-26T10:06:58","guid":{"rendered":"http:\/\/sjostrom.com\/blog\/?page_id=67"},"modified":"2017-07-07T10:06:43","modified_gmt":"2017-07-07T09:06:43","slug":"om-bloggen","status":"publish","type":"page","link":"https:\/\/sjostrom.com\/blog\/om-bloggen\/","title":{"rendered":"Bloggen"},"content":{"rendered":"<h2>Bloggen handlar om v\u00e5r l\u00e4ngesegling fr\u00e5n juni 2017<\/h2>\n<p>Vi kommer att skriva d\u00e5 och d\u00e5 beroende p\u00e5 tid, lust och internetkontakt. Det vi skriver om \u00e4r v\u00e5ra upplevelser av segling, platser, h\u00e4ndelser mm.<br \/>\nVi har m\u00f6jlighet att skicka blogginl\u00e4gg via kortv\u00e5gsradio och satellit s\u00e5 f\u00f6rhoppningsvis kan vi h\u00e5lla bloggen uppdaterad \u00e4ven p\u00e5 l\u00e5nga \u00f6verfarter. De blogginl\u00e4ggen, \u00e4ven med bilder, skickas som e-post som automatiskt uppdateras p\u00e5 bloggen med hj\u00e4lp av <a href=\"https:\/\/sv.wordpress.org\/plugins\/postie\/\">Postie<\/a>.<br \/>\nBloggen \u00e4r gjord i WordPress.<br \/>\nVill du f\u00e5 e-post n\u00e4r vi gjort uppdateringar s\u00e5 prenumererar du p\u00e5 det via formul\u00e4ret till h\u00f6ger. Kan vara sk\u00f6nt s\u00e5 slipper du g\u00e5 in och kolla var 15:e minut :-).<br \/>\nVi skriver f\u00f6r oss sj\u00e4lva och v\u00e5ra v\u00e4nner och har inga ambitioner att h\u00e5lla n\u00e5gon h\u00f6g niv\u00e5! F\u00f6r oss blir bloggen v\u00e5r loggbok dvs. en bloggbok! (Namnet knyckt fr\u00e5n Lasse Wallmarks kommentar till bloggen.)<\/p>\n","protected":false},"excerpt":{"rendered":"<p>Bloggen handlar om v\u00e5r l\u00e4ngesegling fr\u00e5n juni 2017 Vi kommer att skriva d\u00e5 och d\u00e5 beroende p\u00e5 tid, lust och internetkontakt. Det vi skriver om \u00e4r v\u00e5ra upplevelser av segling, platser, h\u00e4ndelser mm. Vi har m\u00f6jlighet att skicka blogginl\u00e4gg via kortv\u00e5gsradio och satellit s\u00e5 f\u00f6rhoppningsvis kan vi h\u00e5lla bloggen uppdaterad \u00e4ven p\u00e5 l\u00e5nga \u00f6verfarter. De &hellip; <a href=\"https:\/\/sjostrom.com\/blog\/om-bloggen\/\" class=\"more-link\">Forts\u00e4tt l\u00e4sa <span class=\"screen-reader-text\">Bloggen<\/span> <span class=\"meta-nav\">&rarr;<\/span><\/a><\/p>\n","protected":false},"author":1,"featured_media":0,"parent":0,"menu_order":0,"comment_status":"closed","ping_status":"closed","template":"","meta":{"_monsterinsights_skip_tracking":false,"_monsterinsights_sitenote_active":false,"_monsterinsights_sitenote_note":"","_monsterinsights_sitenote_category":0,"footnotes":""},"post_mailing_queue_ids":[],"_links":{"self":[{"href":"https:\/\/sjostrom.com\/blog\/wp-json\/wp\/v2\/pages\/67"}],"collection":[{"href":"https:\/\/sjostrom.com\/blog\/wp-json\/wp\/v2\/pages"}],"about":[{"href":"https:\/\/sjostrom.com\/blog\/wp-json\/wp\/v2\/types\/page"}],"author":[{"embeddable":true,"href":"https:\/\/sjostrom.com\/blog\/wp-json\/wp\/v2\/users\/1"}],"replies":[{"embeddable":true,"href":"https:\/\/sjostrom.com\/blog\/wp-json\/wp\/v2\/comments?post=67"}],"version-history":[{"count":6,"href":"https:\/\/sjostrom.com\/blog\/wp-json\/wp\/v2\/pages\/67\/revisions"}],"predecessor-version":[{"id":380,"href":"https:\/\/sjostrom.com\/blog\/wp-json\/wp\/v2\/pages\/67\/revisions\/380"}],"wp:attachment":[{"href":"https:\/\/sjostrom.com\/blog\/wp-json\/wp\/v2\/media?parent=67"}],"curies":[{"name":"wp","href":"https:\/\/api.w.org\/{rel}","templated":true}]}}