{"id":266,"date":"2017-06-11T19:30:24","date_gmt":"2017-06-11T18:30:24","guid":{"rendered":"http:\/\/sjostrom.com\/blog\/?page_id=266"},"modified":"2018-01-21T20:38:39","modified_gmt":"2018-01-21T19:38:39","slug":"vanbatar","status":"publish","type":"page","link":"https:\/\/sjostrom.com\/blog\/vanbatar\/","title":{"rendered":"Karta med v\u00e4nb\u00e5tar"},"content":{"rendered":"<h4>H\u00e4r syns var vi \u00e4r och l\u00e4ngeseglande v\u00e4nner<\/h4>\n<p>&nbsp;<\/p>\n<p>Vilka som visas h\u00e4r kan variera \u00f6ver tid. V\u00e4nb\u00e5tar finns \u00f6ver n\u00e4stan hela v\u00e4rlden, flytta kartan med musen och zooma med mushjulet f\u00f6r att se andra omr\u00e5den.<br \/>\n<script type=\"text\/javascript\"> \nwidth='100%'; \/\/ the width of the embedded map in pixels or percentage \nheight='800'; \/\/ the height of the embedded map in pixels or percentage \nborder='1'; \/\/ the width of the border around the map (zero means no border) \nshownames='true'; \/\/ to display ship names on the map (true or false) \n\/\/latitude='40.0000'; \/\/ the latitude of the center of the map, in decimal degrees \n\/\/longitude='7.0000'; \/\/ the longitude of the center of the map, in decimal degrees\nmaptype='0'; \/\/ use 0 for Normal Map, 1 for Satellite, 2 for OpenStreetMap \nfleet='bjorn@sjostrom.com';\ntrackvessel='265629420';\nzoom='17'; \/\/ the zoom level of the map (values between 2 and 17) \t\n<\/script><br \/>\n<script type=\"text\/javascript\" src=\"\/\/www.marinetraffic.com\/js\/embed.js\"><\/script><\/p>\n","protected":false},"excerpt":{"rendered":"<p>H\u00e4r syns var vi \u00e4r och l\u00e4ngeseglande v\u00e4nner &nbsp; Vilka som visas h\u00e4r kan variera \u00f6ver tid. V\u00e4nb\u00e5tar finns \u00f6ver n\u00e4stan hela v\u00e4rlden, flytta kartan med musen och zooma med mushjulet f\u00f6r att se andra omr\u00e5den.<\/p>\n","protected":false},"author":1,"featured_media":0,"parent":0,"menu_order":0,"comment_status":"closed","ping_status":"closed","template":"","meta":{"_monsterinsights_skip_tracking":false,"_monsterinsights_sitenote_active":false,"_monsterinsights_sitenote_note":"","_monsterinsights_sitenote_category":0,"footnotes":""},"post_mailing_queue_ids":[],"_links":{"self":[{"href":"https:\/\/sjostrom.com\/blog\/wp-json\/wp\/v2\/pages\/266"}],"collection":[{"href":"https:\/\/sjostrom.com\/blog\/wp-json\/wp\/v2\/pages"}],"about":[{"href":"https:\/\/sjostrom.com\/blog\/wp-json\/wp\/v2\/types\/page"}],"author":[{"embeddable":true,"href":"https:\/\/sjostrom.com\/blog\/wp-json\/wp\/v2\/users\/1"}],"replies":[{"embeddable":true,"href":"https:\/\/sjostrom.com\/blog\/wp-json\/wp\/v2\/comments?post=266"}],"version-history":[{"count":19,"href":"https:\/\/sjostrom.com\/blog\/wp-json\/wp\/v2\/pages\/266\/revisions"}],"predecessor-version":[{"id":1114,"href":"https:\/\/sjostrom.com\/blog\/wp-json\/wp\/v2\/pages\/266\/revisions\/1114"}],"wp:attachment":[{"href":"https:\/\/sjostrom.com\/blog\/wp-json\/wp\/v2\/media?parent=266"}],"curies":[{"name":"wp","href":"https:\/\/api.w.org\/{rel}","templated":true}]}}