{"id":156,"date":"2016-12-06T09:35:43","date_gmt":"2016-12-06T08:35:43","guid":{"rendered":"http:\/\/sjostrom.com\/blog\/?page_id=156"},"modified":"2018-05-07T14:31:43","modified_gmt":"2018-05-07T13:31:43","slug":"links","status":"publish","type":"page","link":"https:\/\/sjostrom.com\/blog\/links\/","title":{"rendered":"L\u00e4nkar"},"content":{"rendered":"<h4>Andra bloggar och hemsidor<\/h4>\n<ul>\n<li>Blusette:\u00a0<a href=\"http:\/\/hmpge.com\/bluesette\">http:\/\/hmpge.com\/bluesette<\/a><\/li>\n<li>Bl\u00e5 Ellinor: <a href=\"https:\/\/blaellinor.wordpress.com\/\">https:\/\/blaellinor.wordpress.com\/ <\/a><\/li>\n<li>Chablis:\u00a0<a href=\"https:\/\/chablissailing.com\/\">https:\/\/chablissailing.com\/<\/a><\/li>\n<li>Cheglia:\u00a0<a href=\"http:\/\/changecourse.de\/\">http:\/\/changecourse.de\/\u00a0<\/a><\/li>\n<li>Ellen: <a href=\"http:\/\/www.ellensailing.se\/\">http:\/\/www.ellensailing.se\/<\/a><\/li>\n<li>Emma: <a href=\"http:\/\/www.sailingemma.com\/\">http:\/\/www.sailingemma.com\/<\/a><\/li>\n<li>Engla: <a href=\"http:\/\/engla47.wordpress.com\/\">http:\/\/engla47.wordpress.com\/<\/a><\/li>\n<li>Kerpa:\u00a0<a href=\"https:\/\/sykerpa.com\/\">https:\/\/sykerpa.com\/<\/a><\/li>\n<li>Looma IV:\u00a0 <a href=\"http:\/\/www.loomafour.com\/\">http:\/\/www.loomafour.com\/<\/a><\/li>\n<li>Loupan <a href=\"https:\/\/syloupan.wordpress.com\/\">https:\/\/syloupan.wordpress.com\/<\/a><\/li>\n<li>Melody\u00a0<a href=\"https:\/\/hugopettersson.wordpress.com\/\">https:\/\/hugopettersson.wordpress.com\/\u00a0<\/a><\/li>\n<li>Moana: <a href=\"https:\/\/moanaforgus36.wordpress.com\/\">https:\/\/moanaforgus36.wordpress.com\/<\/a><\/li>\n<li>Mojito: <a href=\"http:\/\/www.mojito.de\">www.mojito.de\u00a0<\/a><\/li>\n<li>Sally:\u00a0<a href=\"http:\/\/www.seglingsresor.se\">http:\/\/www.seglingsresor.se\/\u00a0<\/a><\/li>\n<li>Space:\u00a0<a href=\"https:\/\/space39.wordpress.com\/\">https:\/\/space39.wordpress.com\/<\/a><\/li>\n<li>Spray:\u00a0 <a href=\"https:\/\/syspray.se\/\">https:\/\/syspray.se\/<\/a><\/li>\n<li>Trud: <a href=\"http:\/\/www.trud.se\/\">http:\/\/www.trud.se\/<\/a><\/li>\n<li>Yemaya: <a href=\"http:\/\/www.knotvikings.com\/\">http:\/\/www.knotvikings.com\/<\/a><\/li>\n<\/ul>\n<h4>Organisationer<\/h4>\n<p><a href=\"http:\/\/osk.org\/\">Oceanseglingsklubben OSK<\/a><br \/>\n<a href=\"http:\/\/jrsk.org\/\">Jordenruntseglarklubben JRSK<\/a><a href=\"https:\/\/www.oceancruisingclub.org\"><br \/>\n<\/a><a href=\"https:\/\/www.worldcruising.com\/arc\/event.aspx\">World Cruising Club<\/a><a href=\"https:\/\/www.oceancruisingclub.org\"><br \/>\nOcean Cruising Club<\/a><br \/>\n<a href=\"http:\/\/sxk.se\/\">Svenska Kryssarklubben SXK<\/a><br \/>\n<a href=\"http:\/\/subwebben.se\/\">Sticklinge Udde B\u00e5tklubb SUB<\/a><\/p>\n<h4>Forum f\u00f6r l\u00e4ngeseglare<\/h4>\n<p><a href=\"http:\/\/www.cruisersforum.com\/\">Cruisers Forum<\/a><\/p>\n<h4>Publicerat<\/h4>\n<p><a href=\"http:\/\/www.bwsailing.com\/bw\/\">Blue Water Sailing<br \/>\n<\/a><\/p>\n<h4>\u00d6vrigt<\/h4>\n<p><a href=\"http:\/\/www.noonsite.com\/\">Noonsite &#8211; f\u00f6r l\u00e4ngeseglare<\/a><\/p>\n<p><a href=\"https:\/\/danboater.org\">Danboater- amerikansk supporttj\u00e4nst med mycket bra medicinska tips mm f\u00f6r seglare<\/a><\/p>\n<p><a href=\"http:\/\/cornellsailing.com\/\">Cornell Sailing <\/a><\/p>\n<p><a href=\"http:\/\/kenobicrossing.com\/lukas-fishing-tips\/\">Fisketips f\u00f6r l\u00e4ngeseglare fr\u00e5n Lukas Wilczek<\/a><\/p>\n","protected":false},"excerpt":{"rendered":"<p>Andra bloggar och hemsidor Blusette:\u00a0http:\/\/hmpge.com\/bluesette Bl\u00e5 Ellinor: https:\/\/blaellinor.wordpress.com\/ Chablis:\u00a0https:\/\/chablissailing.com\/ Cheglia:\u00a0http:\/\/changecourse.de\/\u00a0 Ellen: http:\/\/www.ellensailing.se\/ Emma: http:\/\/www.sailingemma.com\/ Engla: http:\/\/engla47.wordpress.com\/ Kerpa:\u00a0https:\/\/sykerpa.com\/ Looma IV:\u00a0 http:\/\/www.loomafour.com\/ Loupan https:\/\/syloupan.wordpress.com\/ Melody\u00a0https:\/\/hugopettersson.wordpress.com\/\u00a0 Moana: https:\/\/moanaforgus36.wordpress.com\/ Mojito: www.mojito.de\u00a0 Sally:\u00a0http:\/\/www.seglingsresor.se\/\u00a0 Space:\u00a0https:\/\/space39.wordpress.com\/ Spray:\u00a0 https:\/\/syspray.se\/ Trud: http:\/\/www.trud.se\/ Yemaya: http:\/\/www.knotvikings.com\/ Organisationer Oceanseglingsklubben OSK Jordenruntseglarklubben JRSK World Cruising Club Ocean Cruising Club Svenska Kryssarklubben SXK Sticklinge Udde B\u00e5tklubb SUB Forum f\u00f6r &hellip; <a href=\"https:\/\/sjostrom.com\/blog\/links\/\" class=\"more-link\">Forts\u00e4tt l\u00e4sa <span class=\"screen-reader-text\">L\u00e4nkar<\/span> <span class=\"meta-nav\">&rarr;<\/span><\/a><\/p>\n","protected":false},"author":1,"featured_media":0,"parent":0,"menu_order":0,"comment_status":"closed","ping_status":"closed","template":"","meta":{"_monsterinsights_skip_tracking":false,"_monsterinsights_sitenote_active":false,"_monsterinsights_sitenote_note":"","_monsterinsights_sitenote_category":0,"footnotes":""},"post_mailing_queue_ids":[],"_links":{"self":[{"href":"https:\/\/sjostrom.com\/blog\/wp-json\/wp\/v2\/pages\/156"}],"collection":[{"href":"https:\/\/sjostrom.com\/blog\/wp-json\/wp\/v2\/pages"}],"about":[{"href":"https:\/\/sjostrom.com\/blog\/wp-json\/wp\/v2\/types\/page"}],"author":[{"embeddable":true,"href":"https:\/\/sjostrom.com\/blog\/wp-json\/wp\/v2\/users\/1"}],"replies":[{"embeddable":true,"href":"https:\/\/sjostrom.com\/blog\/wp-json\/wp\/v2\/comments?post=156"}],"version-history":[{"count":21,"href":"https:\/\/sjostrom.com\/blog\/wp-json\/wp\/v2\/pages\/156\/revisions"}],"predecessor-version":[{"id":1361,"href":"https:\/\/sjostrom.com\/blog\/wp-json\/wp\/v2\/pages\/156\/revisions\/1361"}],"wp:attachment":[{"href":"https:\/\/sjostrom.com\/blog\/wp-json\/wp\/v2\/media?parent=156"}],"curies":[{"name":"wp","href":"https:\/\/api.w.org\/{rel}","templated":true}]}}