{"id":129,"date":"2016-11-27T15:32:51","date_gmt":"2016-11-27T14:32:51","guid":{"rendered":"http:\/\/sjostrom.com\/blog\/?page_id=129"},"modified":"2017-08-15T11:49:07","modified_gmt":"2017-08-15T10:49:07","slug":"oceanseglingsklubben","status":"publish","type":"page","link":"https:\/\/sjostrom.com\/blog\/oceanseglingsklubben\/","title":{"rendered":"OSK"},"content":{"rendered":"<p><img loading=\"lazy\" decoding=\"async\" class=\"alignnone size-medium wp-image-133\" src=\"http:\/\/sjostrom.com\/blog\/wp-content\/uploads\/2016\/11\/IMG_1332-300x225.jpg\" alt=\"img_1332\" width=\"300\" height=\"225\" srcset=\"https:\/\/sjostrom.com\/blog\/wp-content\/uploads\/2016\/11\/IMG_1332-300x225.jpg 300w, https:\/\/sjostrom.com\/blog\/wp-content\/uploads\/2016\/11\/IMG_1332-768x576.jpg 768w, https:\/\/sjostrom.com\/blog\/wp-content\/uploads\/2016\/11\/IMG_1332-1024x768.jpg 1024w, https:\/\/sjostrom.com\/blog\/wp-content\/uploads\/2016\/11\/IMG_1332.jpg 1632w\" sizes=\"(max-width: 300px) 100vw, 300px\" \/><\/p>\n<h4>Oceanseglingsklubben- OSK<\/h4>\n<p>har betytt enormt mycket f\u00f6r oss. Genom OSK f\u00e5r man b\u00e5de motivation, kunskap, trygghet och n\u00e4tverk som underl\u00e4ttar att v\u00e5ga ta steget och ge sig iv\u00e4g p\u00e5 l\u00e4ngesegling.<br \/>\nVi s\u00e4ger g\u00e4rna l\u00e4ngesegling ist\u00e4llet f\u00f6r l\u00e5ngsegling f\u00f6r att f\u00f6r oss \u00e4r m\u00e5let inte att segla l\u00e5ngt utan att att vara ute och njuta betydligt l\u00e4ngre \u00e4n en vanlig semester.<br \/>\nL\u00e4s mer p\u00e5 <a href=\"http:\/\/osk.org\">http:\/\/osk.org<br \/>\n<\/a>OSK har b\u00e5de f\u00f6redrag, kurser, tr\u00e4ffar med b\u00e5t, fester, pubar, livflotte\u00f6vningar och mycket mer. Framf\u00f6rallt tr\u00e4ffar man likasinnade som dr\u00f6mmer, har gett sig iv\u00e4g eller kommit hem. Alla delar gener\u00f6st med sig av sina tankar och erfarenheter.<\/p>\n<p>Vi rekommenderar varmt ett medlemskap f\u00f6r alla som har intresse f\u00f6r l\u00e4ngesegling!<\/p>\n<p>Inf\u00f6r v\u00e5r avsegling har vi varit med i avseglingsgruppen d\u00e4r Gertrud varit ledare i tv\u00e5 \u00e5r. I maj 2017 var det avseglarfest f\u00f6r oss och andra som skulle iv\u00e4g 2017.\u00a0 Vi har varit med p\u00e5 tidigare avseglarfester men d\u00e5 p\u00e5 &#8221;l\u00e4ktarplats&#8221;.<\/p>\n","protected":false},"excerpt":{"rendered":"<p>Oceanseglingsklubben- OSK har betytt enormt mycket f\u00f6r oss. Genom OSK f\u00e5r man b\u00e5de motivation, kunskap, trygghet och n\u00e4tverk som underl\u00e4ttar att v\u00e5ga ta steget och ge sig iv\u00e4g p\u00e5 l\u00e4ngesegling. Vi s\u00e4ger g\u00e4rna l\u00e4ngesegling ist\u00e4llet f\u00f6r l\u00e5ngsegling f\u00f6r att f\u00f6r oss \u00e4r m\u00e5let inte att segla l\u00e5ngt utan att att vara ute och njuta betydligt &hellip; <a href=\"https:\/\/sjostrom.com\/blog\/oceanseglingsklubben\/\" class=\"more-link\">Forts\u00e4tt l\u00e4sa <span class=\"screen-reader-text\">OSK<\/span> <span class=\"meta-nav\">&rarr;<\/span><\/a><\/p>\n","protected":false},"author":1,"featured_media":0,"parent":0,"menu_order":0,"comment_status":"closed","ping_status":"closed","template":"","meta":{"_monsterinsights_skip_tracking":false,"_monsterinsights_sitenote_active":false,"_monsterinsights_sitenote_note":"","_monsterinsights_sitenote_category":0,"footnotes":""},"post_mailing_queue_ids":[],"_links":{"self":[{"href":"https:\/\/sjostrom.com\/blog\/wp-json\/wp\/v2\/pages\/129"}],"collection":[{"href":"https:\/\/sjostrom.com\/blog\/wp-json\/wp\/v2\/pages"}],"about":[{"href":"https:\/\/sjostrom.com\/blog\/wp-json\/wp\/v2\/types\/page"}],"author":[{"embeddable":true,"href":"https:\/\/sjostrom.com\/blog\/wp-json\/wp\/v2\/users\/1"}],"replies":[{"embeddable":true,"href":"https:\/\/sjostrom.com\/blog\/wp-json\/wp\/v2\/comments?post=129"}],"version-history":[{"count":8,"href":"https:\/\/sjostrom.com\/blog\/wp-json\/wp\/v2\/pages\/129\/revisions"}],"predecessor-version":[{"id":589,"href":"https:\/\/sjostrom.com\/blog\/wp-json\/wp\/v2\/pages\/129\/revisions\/589"}],"wp:attachment":[{"href":"https:\/\/sjostrom.com\/blog\/wp-json\/wp\/v2\/media?parent=129"}],"curies":[{"name":"wp","href":"https:\/\/api.w.org\/{rel}","templated":true}]}}